{"id":403,"date":"2022-10-03T22:22:43","date_gmt":"2022-10-03T22:22:43","guid":{"rendered":"https:\/\/fideselectronica.com\/?page_id=403"},"modified":"2025-12-15T17:24:53","modified_gmt":"2025-12-15T17:24:53","slug":"contacto-fabrica-electronica-barcelona","status":"publish","type":"page","link":"https:\/\/fideselectronica.com\/es\/contacto-fabrica-electronica-barcelona\/","title":{"rendered":"CONTACTO"},"content":{"rendered":"<div data-elementor-type=\"wp-page\" data-elementor-id=\"403\" class=\"elementor elementor-403\" data-elementor-post-type=\"page\">\n\t\t\t\t\t\t<section class=\"elementor-section elementor-top-section elementor-element elementor-element-bd9588c elementor-section-boxed elementor-section-height-default elementor-section-height-default\" data-id=\"bd9588c\" data-element_type=\"section\" data-settings=\"{&quot;background_background&quot;:&quot;classic&quot;}\">\n\t\t\t\t\t\t<div class=\"elementor-container elementor-column-gap-default\">\n\t\t\t\t\t<div class=\"elementor-column elementor-col-100 elementor-top-column elementor-element elementor-element-65f95b4\" data-id=\"65f95b4\" data-element_type=\"column\">\n\t\t\t<div class=\"elementor-widget-wrap elementor-element-populated\">\n\t\t\t\t\t\t<div class=\"elementor-element elementor-element-bb907cc elementor-widget elementor-widget-heading\" data-id=\"bb907cc\" data-element_type=\"widget\" data-widget_type=\"heading.default\">\n\t\t\t\t<div class=\"elementor-widget-container\">\n\t\t\t\t\t<h2 class=\"elementor-heading-title elementor-size-default\">\/ CONTACTO<\/h2>\t\t\t\t<\/div>\n\t\t\t\t<\/div>\n\t\t\t\t\t<\/div>\n\t\t<\/div>\n\t\t\t\t\t<\/div>\n\t\t<\/section>\n\t\t\t\t<section class=\"elementor-section elementor-top-section elementor-element elementor-element-37a3bbc elementor-section-boxed elementor-section-height-default elementor-section-height-default\" data-id=\"37a3bbc\" data-element_type=\"section\" data-settings=\"{&quot;background_background&quot;:&quot;classic&quot;}\">\n\t\t\t\t\t\t<div class=\"elementor-container elementor-column-gap-default\">\n\t\t\t\t\t<div class=\"elementor-column elementor-col-50 elementor-top-column elementor-element elementor-element-5cb6b40\" data-id=\"5cb6b40\" data-element_type=\"column\">\n\t\t\t<div class=\"elementor-widget-wrap elementor-element-populated\">\n\t\t\t\t\t\t<div class=\"elementor-element elementor-element-1c64f6e elementor-widget elementor-widget-text-editor\" data-id=\"1c64f6e\" data-element_type=\"widget\" data-widget_type=\"text-editor.default\">\n\t\t\t\t<div class=\"elementor-widget-container\">\n\t\t\t\t\t\t\t\t\t<p><strong>FIDES ELECTR\u00d3NICA SL\u00a0<\/strong><\/p><p><strong>SEDE CENTRAL<\/strong><\/p><p>Calle Santiago Rusi\u00f1ol, 5 - 7<br \/>08213 Poliny\u00e0 | Barcelona &#8211; Spain.<\/p><p><strong>Tel\u00e9fonos:<\/strong><\/p><p>+34 935 908 585<br \/>+34 697 912 021\u00a0<\/p>\t\t\t\t\t\t\t\t<\/div>\n\t\t\t\t<\/div>\n\t\t\t\t\t<\/div>\n\t\t<\/div>\n\t\t\t\t<div class=\"elementor-column elementor-col-50 elementor-top-column elementor-element elementor-element-e352c83\" data-id=\"e352c83\" data-element_type=\"column\">\n\t\t\t<div class=\"elementor-widget-wrap elementor-element-populated\">\n\t\t\t\t\t\t<div class=\"elementor-element elementor-element-16ebe2b elementor-widget elementor-widget-html\" data-id=\"16ebe2b\" data-element_type=\"widget\" data-widget_type=\"html.default\">\n\t\t\t\t<div class=\"elementor-widget-container\">\n\t\t\t\t\t<div class=\"hs-cta-embed hs-cta-embed-323925935350\" style=\"max-width:100%; max-height:100%; width:606px;height:2px\" data-hubspot-wrapper-cta-id=\"323925935350\">\r\n  <link rel=\"stylesheet\" href=\"https:\/\/js-eu1.hscta.com\/embeddable_cta_placeholder_v1.css\">\r\n  <div class=\"hs-cta-loading-dot__container\">\r\n     <div class=\"hs-cta-loading-dot\"><\/div>\r\n     <div class=\"hs-cta-loading-dot\"><\/div>\r\n     <div class=\"hs-cta-loading-dot\"><\/div>\r\n  <\/div>\r\n  <div class=\"hs-cta-embed__skeleton\"><\/div>\r\n  <picture>\r\n    <source srcset=\"data:image\/gif;base64,R0lGODlhAQABAAAAACH5BAEKAAEALAAAAAABAAEAAAICTAEAOw==\" media=\"(max-width: 480px)\" \/>\r\n    <img decoding=\"async\" alt=\"Form CTA\" loading=\"lazy\" src=\"https:\/\/hubspot-no-cache-eu1-prod.s3.amazonaws.com\/cta\/default\/145496835\/interactive-323925935350.png\" style=\"height: 100%; width: 100%; object-fit: fill\" onerror=\"this.style.display='none'\" \/>\r\n  <\/picture>\r\n<\/div>\r\n\t\t\t\t<\/div>\n\t\t\t\t<\/div>\n\t\t\t\t<div class=\"elementor-element elementor-element-4a18dba elementor-hidden-desktop elementor-hidden-tablet elementor-hidden-mobile elementor-button-align-stretch elementor-widget elementor-widget-form\" data-id=\"4a18dba\" data-element_type=\"widget\" data-settings=\"{&quot;step_next_label&quot;:&quot;Siguiente&quot;,&quot;step_previous_label&quot;:&quot;Anterior&quot;,&quot;button_width&quot;:&quot;100&quot;,&quot;step_type&quot;:&quot;number_text&quot;,&quot;step_icon_shape&quot;:&quot;circle&quot;}\" data-widget_type=\"form.default\">\n\t\t\t\t<div class=\"elementor-widget-container\">\n\t\t\t\t\t\t\t<form class=\"elementor-form\" method=\"post\" name=\"Nuevo formulario\" aria-label=\"Nuevo formulario\" action=\"\">\n\t\t\t<input type=\"hidden\" name=\"post_id\" value=\"403\"\/>\n\t\t\t<input type=\"hidden\" name=\"form_id\" value=\"4a18dba\"\/>\n\t\t\t<input type=\"hidden\" name=\"referer_title\" value=\"CONTACTO - Fides Electronica\" \/>\n\n\t\t\t\t\t\t\t<input type=\"hidden\" name=\"queried_id\" value=\"403\"\/>\n\t\t\t\n\t\t\t<div class=\"elementor-form-fields-wrapper elementor-labels-\">\n\t\t\t\t\t\t\t\t<div class=\"elementor-field-type-text elementor-field-group elementor-column elementor-field-group-field_30d187b elementor-col-100\">\n\t\t\t\t\t\t\t\t\t\t\t\t<label for=\"form-field-field_30d187b\" class=\"elementor-field-label elementor-screen-only\">\n\t\t\t\t\t\t\t\tName\t\t\t\t\t\t\t<\/label>\n\t\t\t\t\t\t\t\t\t\t\t\t\t\t<input size=\"1\" type=\"text\" name=\"form_fields[field_30d187b]\" id=\"form-field-field_30d187b\" class=\"elementor-field elementor-size-sm  elementor-field-textual\" placeholder=\"Name\">\n\t\t\t\t\t\t\t\t\t\t\t<\/div>\n\t\t\t\t\t\t\t\t<div class=\"elementor-field-type-email elementor-field-group elementor-column elementor-field-group-email elementor-col-100 elementor-field-required\">\n\t\t\t\t\t\t\t\t\t\t\t\t<label for=\"form-field-email\" class=\"elementor-field-label elementor-screen-only\">\n\t\t\t\t\t\t\t\tEmail\t\t\t\t\t\t\t<\/label>\n\t\t\t\t\t\t\t\t\t\t\t\t\t\t<input size=\"1\" type=\"email\" name=\"form_fields[email]\" id=\"form-field-email\" class=\"elementor-field elementor-size-sm  elementor-field-textual\" placeholder=\"Email\" required=\"required\">\n\t\t\t\t\t\t\t\t\t\t\t<\/div>\n\t\t\t\t\t\t\t\t<div class=\"elementor-field-type-text elementor-field-group elementor-column elementor-field-group-name elementor-col-100\">\n\t\t\t\t\t\t\t\t\t\t\t\t<label for=\"form-field-name\" class=\"elementor-field-label elementor-screen-only\">\n\t\t\t\t\t\t\t\tCompany\t\t\t\t\t\t\t<\/label>\n\t\t\t\t\t\t\t\t\t\t\t\t\t\t<input size=\"1\" type=\"text\" name=\"form_fields[name]\" id=\"form-field-name\" class=\"elementor-field elementor-size-sm  elementor-field-textual\" placeholder=\"Company\">\n\t\t\t\t\t\t\t\t\t\t\t<\/div>\n\t\t\t\t\t\t\t\t<div class=\"elementor-field-type-tel elementor-field-group elementor-column elementor-field-group-field_100896d elementor-col-100\">\n\t\t\t\t\t\t\t\t\t\t\t\t<label for=\"form-field-field_100896d\" class=\"elementor-field-label elementor-screen-only\">\n\t\t\t\t\t\t\t\tTelephone\t\t\t\t\t\t\t<\/label>\n\t\t\t\t\t\t\t\t<input size=\"1\" type=\"tel\" name=\"form_fields[field_100896d]\" id=\"form-field-field_100896d\" class=\"elementor-field elementor-size-sm  elementor-field-textual\" placeholder=\"Telephone\" pattern=\"[0-9()#&amp;+*-=.]+\" title=\"Only numbers and phone characters (#, -, *, etc) are accepted.\">\n\n\t\t\t\t\t\t<\/div>\n\t\t\t\t\t\t\t\t<div class=\"elementor-field-type-textarea elementor-field-group elementor-column elementor-field-group-message elementor-col-100\">\n\t\t\t\t\t\t\t\t\t\t\t\t<label for=\"form-field-message\" class=\"elementor-field-label elementor-screen-only\">\n\t\t\t\t\t\t\t\tMessage\t\t\t\t\t\t\t<\/label>\n\t\t\t\t\t\t<textarea class=\"elementor-field-textual elementor-field  elementor-size-sm\" name=\"form_fields[message]\" id=\"form-field-message\" rows=\"4\" placeholder=\"Message\"><\/textarea>\t\t\t\t<\/div>\n\t\t\t\t\t\t\t\t<div class=\"elementor-field-type-acceptance elementor-field-group elementor-column elementor-field-group-field_afdf6a2 elementor-col-100 elementor-field-required\">\n\t\t\t\t\t\t\t<div class=\"elementor-field-subgroup\">\n\t\t\t<span class=\"elementor-field-option\">\n\t\t\t\t<input type=\"checkbox\" name=\"form_fields[field_afdf6a2]\" id=\"form-field-field_afdf6a2\" class=\"elementor-field elementor-size-sm  elementor-acceptance-field\" required=\"required\">\n\t\t\t\t<label for=\"form-field-field_afdf6a2\">I have read and accept the <a href=\"https:\/\/fideselectronica.com\/es\/aviso-legal\/\" target=\"_blank\"> privacy policy <\/a> of fideselectronica.com\n<\/label>\t\t\t<\/span>\n\t\t<\/div>\n\t\t\t\t\t\t<\/div>\n\t\t\t\t\t\t\t\t<div class=\"elementor-field-group elementor-column elementor-field-type-submit elementor-col-100 e-form__buttons\">\n\t\t\t\t\t<button class=\"elementor-button elementor-size-sm\" type=\"submit\">\n\t\t\t\t\t\t<span class=\"elementor-button-content-wrapper\">\n\t\t\t\t\t\t\t\t\t\t\t\t\t\t\t\t\t\t\t\t\t\t<span class=\"elementor-button-text\">Send<\/span>\n\t\t\t\t\t\t\t\t\t\t\t\t\t<\/span>\n\t\t\t\t\t<\/button>\n\t\t\t\t<\/div>\n\t\t\t<\/div>\n\t\t<input type=\"hidden\" name=\"trp-form-language\" value=\"es\"\/><\/form>\n\t\t\t\t\t\t<\/div>\n\t\t\t\t<\/div>\n\t\t\t\t\t<\/div>\n\t\t<\/div>\n\t\t\t\t\t<\/div>\n\t\t<\/section>\n\t\t\t\t<section class=\"elementor-section elementor-top-section elementor-element elementor-element-6ff18a0 elementor-section-full_width elementor-section-height-default elementor-section-height-default\" data-id=\"6ff18a0\" data-element_type=\"section\">\n\t\t\t\t\t\t<div class=\"elementor-container elementor-column-gap-default\">\n\t\t\t\t\t<div class=\"elementor-column elementor-col-100 elementor-top-column elementor-element elementor-element-cb75b6e\" data-id=\"cb75b6e\" data-element_type=\"column\">\n\t\t\t<div class=\"elementor-widget-wrap elementor-element-populated\">\n\t\t\t\t\t\t<div class=\"elementor-element elementor-element-4fcc304 elementor-widget elementor-widget-google_maps\" data-id=\"4fcc304\" data-element_type=\"widget\" data-widget_type=\"google_maps.default\">\n\t\t\t\t<div class=\"elementor-widget-container\">\n\t\t\t\t\t\t\t<div class=\"elementor-custom-embed\">\n\t\t\t<iframe loading=\"lazy\"\n\t\t\t\t\tsrc=\"https:\/\/maps.google.com\/maps?q=FIDES%20ELECTRONICA%20SL%20Carrer%20Santiago%20Rusi%C3%B1ol%2C%205%20-%207%2008213%20Poliny%C3%A0%20%7C%20Barcelona%20-%20Spain.&#038;t=m&#038;z=15&#038;output=embed&#038;iwloc=near\"\n\t\t\t\t\ttitle=\"FIDES ELECTRONICA SL Carrer Santiago Rusi\u00f1ol, 5 - 7 08213 Poliny\u00e0 | Barcelona - Spain.\"\n\t\t\t\t\taria-label=\"FIDES ELECTRONICA SL Carrer Santiago Rusi\u00f1ol, 5 - 7 08213 Poliny\u00e0 | Barcelona - Spain.\"\n\t\t\t><\/iframe>\n\t\t<\/div>\n\t\t\t\t\t\t<\/div>\n\t\t\t\t<\/div>\n\t\t\t\t\t<\/div>\n\t\t<\/div>\n\t\t\t\t\t<\/div>\n\t\t<\/section>\n\t\t\t\t<\/div>","protected":false},"excerpt":{"rendered":"<p>\/ CONTACT FIDES ELECTRONICA SL\u00a0 HEADQUARTERS Carrer Santiago Rusi\u00f1ol, 5 &#8211; 708213 Poliny\u00e0 | Barcelona &#8211; Spain. Phones: +34 935 908 585+34 697 912 021\u00a0<\/p>","protected":false},"author":1,"featured_media":0,"parent":0,"menu_order":0,"comment_status":"closed","ping_status":"closed","template":"elementor_header_footer","meta":{"content-type":"","site-sidebar-layout":"no-sidebar","site-content-layout":"page-builder","ast-site-content-layout":"default","site-content-style":"default","site-sidebar-style":"default","ast-global-header-display":"","ast-banner-title-visibility":"","ast-main-header-display":"","ast-hfb-above-header-display":"","ast-hfb-below-header-display":"","ast-hfb-mobile-header-display":"","site-post-title":"disabled","ast-breadcrumbs-content":"","ast-featured-img":"disabled","footer-sml-layout":"","ast-disable-related-posts":"","theme-transparent-header-meta":"default","adv-header-id-meta":"","stick-header-meta":"","header-above-stick-meta":"","header-main-stick-meta":"","header-below-stick-meta":"","astra-migrate-meta-layouts":"default","ast-page-background-enabled":"default","ast-page-background-meta":{"desktop":{"background-color":"var(--ast-global-color-4)","background-image":"","background-repeat":"repeat","background-position":"center center","background-size":"auto","background-attachment":"scroll","background-type":"","background-media":"","overlay-type":"","overlay-color":"","overlay-opacity":"","overlay-gradient":""},"tablet":{"background-color":"","background-image":"","background-repeat":"repeat","background-position":"center center","background-size":"auto","background-attachment":"scroll","background-type":"","background-media":"","overlay-type":"","overlay-color":"","overlay-opacity":"","overlay-gradient":""},"mobile":{"background-color":"","background-image":"","background-repeat":"repeat","background-position":"center center","background-size":"auto","background-attachment":"scroll","background-type":"","background-media":"","overlay-type":"","overlay-color":"","overlay-opacity":"","overlay-gradient":""}},"ast-content-background-meta":{"desktop":{"background-color":"var(--ast-global-color-5)","background-image":"","background-repeat":"repeat","background-position":"center center","background-size":"auto","background-attachment":"scroll","background-type":"","background-media":"","overlay-type":"","overlay-color":"","overlay-opacity":"","overlay-gradient":""},"tablet":{"background-color":"var(--ast-global-color-5)","background-image":"","background-repeat":"repeat","background-position":"center center","background-size":"auto","background-attachment":"scroll","background-type":"","background-media":"","overlay-type":"","overlay-color":"","overlay-opacity":"","overlay-gradient":""},"mobile":{"background-color":"var(--ast-global-color-5)","background-image":"","background-repeat":"repeat","background-position":"center center","background-size":"auto","background-attachment":"scroll","background-type":"","background-media":"","overlay-type":"","overlay-color":"","overlay-opacity":"","overlay-gradient":""}},"_joinchat":[],"footnotes":""},"class_list":["post-403","page","type-page","status-publish","hentry"],"yoast_head":"<!-- This site is optimized with the Yoast SEO plugin v26.8 - https:\/\/yoast.com\/product\/yoast-seo-wordpress\/ -->\n<title>CONTACTO - Fides Electronica<\/title>\n<meta name=\"description\" content=\"FIDES ELECTRONICA SL supports the development of new products or ambitious technical projects. Our team of engineers and qualified staff will advise you from concept to completion of your project, ensuring safety.\" \/>\n<meta name=\"robots\" content=\"index, follow, max-snippet:-1, max-image-preview:large, max-video-preview:-1\" \/>\n<link rel=\"canonical\" href=\"https:\/\/fideselectronica.com\/es\/contacto-fabrica-electronica-barcelona\/\" \/>\n<meta property=\"og:locale\" content=\"es_ES\" \/>\n<meta property=\"og:type\" content=\"article\" \/>\n<meta property=\"og:title\" content=\"CONTACTO - Fides Electronica\" \/>\n<meta property=\"og:description\" content=\"FIDES ELECTRONICA SL supports the development of new products or ambitious technical projects. Our team of engineers and qualified staff will advise you from concept to completion of your project, ensuring safety.\" \/>\n<meta property=\"og:url\" content=\"https:\/\/fideselectronica.com\/es\/contacto-fabrica-electronica-barcelona\/\" \/>\n<meta property=\"og:site_name\" content=\"Fides Electronica\" \/>\n<meta property=\"article:modified_time\" content=\"2025-12-15T17:24:53+00:00\" \/>\n<meta property=\"og:image\" content=\"https:\/\/hubspot-no-cache-eu1-prod.s3.amazonaws.com\/cta\/default\/145496835\/interactive-323925935350.png\" \/>\n<meta name=\"twitter:card\" content=\"summary_large_image\" \/>\n<meta name=\"twitter:label1\" content=\"Tiempo de lectura\" \/>\n\t<meta name=\"twitter:data1\" content=\"1 minuto\" \/>\n<script type=\"application\/ld+json\" class=\"yoast-schema-graph\">{\"@context\":\"https:\/\/schema.org\",\"@graph\":[{\"@type\":\"WebPage\",\"@id\":\"https:\/\/fideselectronica.com\/contacto\/\",\"url\":\"https:\/\/fideselectronica.com\/contacto\/\",\"name\":\"CONTACTO - Fides Electronica\",\"isPartOf\":{\"@id\":\"https:\/\/fideselectronica.com\/#website\"},\"primaryImageOfPage\":{\"@id\":\"https:\/\/fideselectronica.com\/contacto\/#primaryimage\"},\"image\":{\"@id\":\"https:\/\/fideselectronica.com\/contacto\/#primaryimage\"},\"thumbnailUrl\":\"https:\/\/hubspot-no-cache-eu1-prod.s3.amazonaws.com\/cta\/default\/145496835\/interactive-323925935350.png\",\"datePublished\":\"2022-10-03T22:22:43+00:00\",\"dateModified\":\"2025-12-15T17:24:53+00:00\",\"description\":\"FIDES ELECTRONICA SL supports the development of new products or ambitious technical projects. Our team of engineers and qualified staff will advise you from concept to completion of your project, ensuring safety.\",\"breadcrumb\":{\"@id\":\"https:\/\/fideselectronica.com\/contacto\/#breadcrumb\"},\"inLanguage\":\"es\",\"potentialAction\":[{\"@type\":\"ReadAction\",\"target\":[\"https:\/\/fideselectronica.com\/contacto\/\"]}]},{\"@type\":\"ImageObject\",\"inLanguage\":\"es\",\"@id\":\"https:\/\/fideselectronica.com\/contacto\/#primaryimage\",\"url\":\"https:\/\/hubspot-no-cache-eu1-prod.s3.amazonaws.com\/cta\/default\/145496835\/interactive-323925935350.png\",\"contentUrl\":\"https:\/\/hubspot-no-cache-eu1-prod.s3.amazonaws.com\/cta\/default\/145496835\/interactive-323925935350.png\"},{\"@type\":\"BreadcrumbList\",\"@id\":\"https:\/\/fideselectronica.com\/contacto\/#breadcrumb\",\"itemListElement\":[{\"@type\":\"ListItem\",\"position\":1,\"name\":\"Home\",\"item\":\"https:\/\/fideselectronica.com\/\"},{\"@type\":\"ListItem\",\"position\":2,\"name\":\"CONTACTO\"}]},{\"@type\":\"WebSite\",\"@id\":\"https:\/\/fideselectronica.com\/#website\",\"url\":\"https:\/\/fideselectronica.com\/\",\"name\":\"Fides Electronica\",\"description\":\"\",\"publisher\":{\"@id\":\"https:\/\/fideselectronica.com\/#organization\"},\"potentialAction\":[{\"@type\":\"SearchAction\",\"target\":{\"@type\":\"EntryPoint\",\"urlTemplate\":\"https:\/\/fideselectronica.com\/?s={search_term_string}\"},\"query-input\":{\"@type\":\"PropertyValueSpecification\",\"valueRequired\":true,\"valueName\":\"search_term_string\"}}],\"inLanguage\":\"es\"},{\"@type\":\"Organization\",\"@id\":\"https:\/\/fideselectronica.com\/#organization\",\"name\":\"Fides Electronica\",\"url\":\"https:\/\/fideselectronica.com\/\",\"logo\":{\"@type\":\"ImageObject\",\"inLanguage\":\"es\",\"@id\":\"https:\/\/fideselectronica.com\/#\/schema\/logo\/image\/\",\"url\":\"https:\/\/fideselectronica.com\/wp-content\/uploads\/2022\/09\/logo-color.png\",\"contentUrl\":\"https:\/\/fideselectronica.com\/wp-content\/uploads\/2022\/09\/logo-color.png\",\"width\":167,\"height\":52,\"caption\":\"Fides Electronica\"},\"image\":{\"@id\":\"https:\/\/fideselectronica.com\/#\/schema\/logo\/image\/\"}}]}<\/script>\n<!-- \/ Yoast SEO plugin. -->","yoast_head_json":{"title":"CONTACTO - Fides Electronica","description":"F\u00e1brica de electr\u00f3nica en Barcelona con equipo propio de ingenieros. Acompa\u00f1amos proyectos desde la idea hasta la producci\u00f3n con m\u00e1xima fiabilidad.","robots":{"index":"index","follow":"follow","max-snippet":"max-snippet:-1","max-image-preview":"max-image-preview:large","max-video-preview":"max-video-preview:-1"},"canonical":"https:\/\/fideselectronica.com\/es\/contacto-fabrica-electronica-barcelona\/","og_locale":"es_ES","og_type":"article","og_title":"CONTACTO - Fides Electronica","og_description":"FIDES ELECTRONICA SL supports the development of new products or ambitious technical projects. Our team of engineers and qualified staff will advise you from concept to completion of your project, ensuring safety.","og_url":"https:\/\/fideselectronica.com\/es\/contacto-fabrica-electronica-barcelona\/","og_site_name":"Fides Electronica","article_modified_time":"2025-12-15T17:24:53+00:00","og_image":[{"url":"https:\/\/hubspot-no-cache-eu1-prod.s3.amazonaws.com\/cta\/default\/145496835\/interactive-323925935350.png","type":"","width":"","height":""}],"twitter_card":"summary_large_image","twitter_misc":{"Tiempo de lectura":"1 minuto"},"schema":{"@context":"https:\/\/schema.org","@graph":[{"@type":"WebPage","@id":"https:\/\/fideselectronica.com\/contacto\/","url":"https:\/\/fideselectronica.com\/contacto\/","name":"CONTACTO - Fides Electronica","isPartOf":{"@id":"https:\/\/fideselectronica.com\/#website"},"primaryImageOfPage":{"@id":"https:\/\/fideselectronica.com\/contacto\/#primaryimage"},"image":{"@id":"https:\/\/fideselectronica.com\/contacto\/#primaryimage"},"thumbnailUrl":"https:\/\/hubspot-no-cache-eu1-prod.s3.amazonaws.com\/cta\/default\/145496835\/interactive-323925935350.png","datePublished":"2022-10-03T22:22:43+00:00","dateModified":"2025-12-15T17:24:53+00:00","description":"F\u00e1brica de electr\u00f3nica en Barcelona con equipo propio de ingenieros. Acompa\u00f1amos proyectos desde la idea hasta la producci\u00f3n con m\u00e1xima fiabilidad.","breadcrumb":{"@id":"https:\/\/fideselectronica.com\/contacto\/#breadcrumb"},"inLanguage":"es","potentialAction":[{"@type":"ReadAction","target":["https:\/\/fideselectronica.com\/contacto\/"]}]},{"@type":"ImageObject","inLanguage":"es","@id":"https:\/\/fideselectronica.com\/contacto\/#primaryimage","url":"https:\/\/hubspot-no-cache-eu1-prod.s3.amazonaws.com\/cta\/default\/145496835\/interactive-323925935350.png","contentUrl":"https:\/\/hubspot-no-cache-eu1-prod.s3.amazonaws.com\/cta\/default\/145496835\/interactive-323925935350.png"},{"@type":"BreadcrumbList","@id":"https:\/\/fideselectronica.com\/contacto\/#breadcrumb","itemListElement":[{"@type":"ListItem","position":1,"name":"Home","item":"https:\/\/fideselectronica.com\/"},{"@type":"ListItem","position":2,"name":"CONTACTO"}]},{"@type":"WebSite","@id":"https:\/\/fideselectronica.com\/#website","url":"https:\/\/fideselectronica.com\/","name":"Fides Electronica","description":"","publisher":{"@id":"https:\/\/fideselectronica.com\/#organization"},"potentialAction":[{"@type":"SearchAction","target":{"@type":"EntryPoint","urlTemplate":"https:\/\/fideselectronica.com\/?s={search_term_string}"},"query-input":{"@type":"PropertyValueSpecification","valueRequired":true,"valueName":"search_term_string"}}],"inLanguage":"es"},{"@type":"Organization","@id":"https:\/\/fideselectronica.com\/#organization","name":"Fides Electronica","url":"https:\/\/fideselectronica.com\/","logo":{"@type":"ImageObject","inLanguage":"es","@id":"https:\/\/fideselectronica.com\/#\/schema\/logo\/image\/","url":"https:\/\/fideselectronica.com\/wp-content\/uploads\/2022\/09\/logo-color.png","contentUrl":"https:\/\/fideselectronica.com\/wp-content\/uploads\/2022\/09\/logo-color.png","width":167,"height":52,"caption":"Fides Electronica"},"image":{"@id":"https:\/\/fideselectronica.com\/#\/schema\/logo\/image\/"}}]}},"_links":{"self":[{"href":"https:\/\/fideselectronica.com\/es\/wp-json\/wp\/v2\/pages\/403","targetHints":{"allow":["GET"]}}],"collection":[{"href":"https:\/\/fideselectronica.com\/es\/wp-json\/wp\/v2\/pages"}],"about":[{"href":"https:\/\/fideselectronica.com\/es\/wp-json\/wp\/v2\/types\/page"}],"author":[{"embeddable":true,"href":"https:\/\/fideselectronica.com\/es\/wp-json\/wp\/v2\/users\/1"}],"replies":[{"embeddable":true,"href":"https:\/\/fideselectronica.com\/es\/wp-json\/wp\/v2\/comments?post=403"}],"version-history":[{"count":65,"href":"https:\/\/fideselectronica.com\/es\/wp-json\/wp\/v2\/pages\/403\/revisions"}],"predecessor-version":[{"id":3033,"href":"https:\/\/fideselectronica.com\/es\/wp-json\/wp\/v2\/pages\/403\/revisions\/3033"}],"wp:attachment":[{"href":"https:\/\/fideselectronica.com\/es\/wp-json\/wp\/v2\/media?parent=403"}],"curies":[{"name":"wp","href":"https:\/\/api.w.org\/{rel}","templated":true}]}}