{"id":354,"date":"2022-10-03T20:40:48","date_gmt":"2022-10-03T20:40:48","guid":{"rendered":"https:\/\/fideselectronica.com\/?page_id=354"},"modified":"2025-06-18T08:12:47","modified_gmt":"2025-06-18T08:12:47","slug":"aviso-legal","status":"publish","type":"page","link":"https:\/\/fideselectronica.com\/es\/aviso-legal\/","title":{"rendered":"LEGAL-WARNING"},"content":{"rendered":"<div data-elementor-type=\"wp-page\" data-elementor-id=\"354\" class=\"elementor elementor-354\" data-elementor-post-type=\"page\">\n\t\t\t\t\t\t<section class=\"elementor-section elementor-top-section elementor-element elementor-element-cc0b96b elementor-section-boxed elementor-section-height-default elementor-section-height-default\" data-id=\"cc0b96b\" data-element_type=\"section\" data-settings=\"{&quot;background_background&quot;:&quot;classic&quot;}\">\n\t\t\t\t\t\t<div class=\"elementor-container elementor-column-gap-default\">\n\t\t\t\t\t<div class=\"elementor-column elementor-col-100 elementor-top-column elementor-element elementor-element-84e381c\" data-id=\"84e381c\" data-element_type=\"column\">\n\t\t\t<div class=\"elementor-widget-wrap elementor-element-populated\">\n\t\t\t\t\t\t<div class=\"elementor-element elementor-element-7183107 elementor-widget elementor-widget-heading\" data-id=\"7183107\" data-element_type=\"widget\" data-widget_type=\"heading.default\">\n\t\t\t\t<div class=\"elementor-widget-container\">\n\t\t\t\t\t<h2 class=\"elementor-heading-title elementor-size-default\">\/ POL\u00cdTICA DE PROTECCI\u00d3N DE DATOS\u00a0<\/h2>\t\t\t\t<\/div>\n\t\t\t\t<\/div>\n\t\t\t\t\t<\/div>\n\t\t<\/div>\n\t\t\t\t\t<\/div>\n\t\t<\/section>\n\t\t\t\t<section class=\"elementor-section elementor-top-section elementor-element elementor-element-02173fa elementor-section-boxed elementor-section-height-default elementor-section-height-default\" data-id=\"02173fa\" data-element_type=\"section\" data-settings=\"{&quot;background_background&quot;:&quot;classic&quot;}\">\n\t\t\t\t\t\t<div class=\"elementor-container elementor-column-gap-default\">\n\t\t\t\t\t<div class=\"elementor-column elementor-col-100 elementor-top-column elementor-element elementor-element-8bd4545\" data-id=\"8bd4545\" data-element_type=\"column\">\n\t\t\t<div class=\"elementor-widget-wrap elementor-element-populated\">\n\t\t\t\t\t\t<div class=\"elementor-element elementor-element-d7dac36 elementor-widget elementor-widget-text-editor\" data-id=\"d7dac36\" data-element_type=\"widget\" data-widget_type=\"text-editor.default\">\n\t\t\t\t<div class=\"elementor-widget-container\">\n\t\t\t\t\t\t\t\t\t<p><strong>Nombre de la empresa:<\/strong> FIDES ELECTR\u00d3NICA, S.L<\/p><p><b>Domicilio social:<\/b> 2222<\/p><p><b>C\u00f3digo de identificaci\u00f3n fiscal:<\/b> Santiago Rusi\u00f1ol, 5 \u2013 7 \/ 08213 Poliny\u00e0 \/ Spain<\/p><p>Registro Mercantil de Barcelona, Tomo 42028, Folio 8, Hoja N\u00famero B-399715<\/p><p><b>Correo electr\u00f3nico:<\/b> fidesing@fidesing.com<\/p><p><b>P\u00e1gina web:<\/b> www.fides-electronica.com<\/p><p>De conformidad con lo establecido en la Ley Org\u00e1nica 15\/1999, de Protecci\u00f3n de Datos de Car\u00e1cter Personal (LOPD), su normativa de desarrollo, y la LSSICE 34\/2002, de 11 de julio, de Servicios de la Sociedad de la Informaci\u00f3n y de Comercio Electr\u00f3nico, FIDES ELECTR\u00d3NICA, S.L en cumplimiento de lo dispuesto en los art\u00edculos 5 y 6 de la LOPD, informa a los usuarios que faciliten sus datos de car\u00e1cter personal, que los mismos ser\u00e1n incorporados a un fichero automatizado que se encuentra debidamente inscrito en la Agencia Espa\u00f1ola de Protecci\u00f3n de Datos. \u00a0<\/p><p>Los usuarios aceptan expresamente, de forma voluntaria e inequ\u00edvoca, que sus datos personales sean tratados por FIDES ELECTR\u00d3NICA, S.L para llevar a cabo las siguientes finalidades:<\/p><p>1.Env\u00edo de comunicaciones comerciales publicitarias por e-mail, fax, SMS, MMS, comunidades sociales o cualesquiera otros medios electr\u00f3nicos o f\u00edsicos, presentes o futuros, que posibiliten realizar dichas comunicaciones comerciales. Dichas comunicaciones comerciales versar\u00e1n sobre productos o servicios ofrecidos por FIDES ELECTR\u00d3NICA, S.L, as\u00ed como por parte de los colaboradores o partners con los que \u00e9ste hubiera alcanzado alg\u00fan acuerdo de promoci\u00f3n comercial entre sus clientes. En este caso, los terceros nunca tendr\u00e1n acceso a los datos personales. En todo caso las comunicaciones comerciales ser\u00e1n realizadas por parte de FIDES ELECTR\u00d3NICA, S.L y ser\u00e1n de productos y servicios relacionados con el sector de actividad de FIDES ELECTR\u00d3NICA, S.L.<\/p><p>2.Realizar estudios estad\u00edsticos.<\/p><p>3.Tramitar encargos, solicitudes o cualquier tipo de petici\u00f3n que sea realizada por el usuario a trav\u00e9s de cualquier formulario de contacto que FIDES ELECTR\u00d3NICA, S.L. ponga a su disposici\u00f3n.<\/p><p>4.El env\u00edo de la Newsletter a los usuarios que se hayan suscrito.<\/p><p>FIDES ELECTR\u00d3NICA, S.L informa y garantiza expresamente a los usuarios que sus datos personales no ser\u00e1n cedidos en ning\u00fan caso a terceras compa\u00f1\u00edas, y que siempre que fuera a realizarse alg\u00fan tipo de cesi\u00f3n de datos, de forma previa, se solicitar\u00eda el consentimiento expreso, informado, e inequ\u00edvoco por parte de los titulares.<\/p><p>Mediante la cumplimentaci\u00f3n y env\u00edo de los formularios pertinentes en este sitio web, el Usuario acepta y autoriza que sus datos personales sean objeto de tratamiento automatizado por parte de FIDES ELECTR\u00d3NICA, S.L. En caso de que a\u00f1ada datos personales de terceras personas a los formularios del sitio web, deber\u00e1 obtener, con car\u00e1cter previo a su inclusi\u00f3n, su consentimiento e informarle de los extremos contenidos en los p\u00e1rrafos anteriores.<\/p><p>\u00a0Todos los datos solicitados a trav\u00e9s de FIDES ELECTR\u00d3NICA, S.L son obligatorios, ya que son necesarios para la prestaci\u00f3n de un servicio \u00f3ptimo al usuario. En caso de que no sean facilitados todos los datos, FIDES ELECTR\u00d3NICA, S.L no garantiza que la informaci\u00f3n y servicios facilitados sean completamente ajustados a sus necesidades.<\/p><p>FIDES ELECTR\u00d3NICA, S.L garantiza al usuario el ejercicio de sus derechos de acceso, rectificaci\u00f3n, cancelaci\u00f3n, informaci\u00f3n y oposici\u00f3n, en los t\u00e9rminos dispuestos en la legislaci\u00f3n vigente. Por ello, y de acuerdo con lo establecido en la Ley Org\u00e1nica 15\/1999, de Protecci\u00f3n de Datos de Car\u00e1cter Personal (LOPD), puede ejercitar sus derechos dirigiendo una solicitud expresa, adjuntando copia de su DNI a trav\u00e9s de los siguientes medios:<\/p><p>1.E-Mail: fidesing@fidesing.com<\/p><p>2.Correo postal: Santiago Rusi\u00f1ol, 5 - 7 \/ 08213 Poliny\u00e0 \/ Espa\u00f1a<\/p><p>3.Asimismo, el usuario podr\u00e1 darse de baja de cualquiera de los servicios de suscripci\u00f3n facilitados enviando un e-mail a: fidesing@fidesing.com<\/p><p>Del mismo modo, FIDES ELECTR\u00d3NICA, S.L ha adoptado todas las medidas t\u00e9cnicas y de organizaci\u00f3n necesarias para garantizar la seguridad e integridad de los datos de car\u00e1cter personal que trate, as\u00ed como para evitar su p\u00e9rdida, alteraci\u00f3n y\/o acceso por parte de terceros no autorizados a los mismos.<\/p><p><b>SEGURIDAD<\/b><\/p><p>FIDES ELECTR\u00d3NICA, S.L utiliza t\u00e9cnicas de seguridad de la informaci\u00f3n generalmente aceptadas en el sector, tales como firewalls, procedimientos de control de acceso y mecanismos criptogr\u00e1ficos, todo ello con el objeto de evitar el acceso no autorizado a los datos. Para lograr estos fines, el usuario\/cliente acepta que el prestador obtenga datos para la correspondiente acreditaci\u00f3n de los controles de acceso.<\/p><p><b>PROPIEDAD INDUSTRIAL E INTELECTUAL<\/b><\/p><p>Esta web es propiedad de FIDES ELECTR\u00d3NICA, S.L Los derechos de propiedad intelectual y derechos de explotaci\u00f3n y reproducci\u00f3n de esta web, de sus p\u00e1ginas, pantallas, la Informaci\u00f3n que contienen, su apariencia y dise\u00f1o, as\u00ed como los v\u00ednculos (\"hiperlinks\") que se establezcan desde ella a otras p\u00e1ginas web de cualquier sociedad filial y\/o dominada de FIDES ELECTR\u00d3NICA, S.L, son propiedad exclusiva de \u00e9sta, salvo que expresamente se especifique otra cosa. Cualquier denominaci\u00f3n, dise\u00f1o y\/o logotipo, as\u00ed como cualquier producto o servicio ofrecidos y reflejados en esta p\u00e1gina web, son marcas debidamente registradas por FIDES ELECTR\u00d3NICA, S.L, por sus sociedades filiales y\/o dominadas o por terceros. Cualquier uso indebido de las mismas por personas distintas de su leg\u00edtimo titular y sin el consentimiento expreso e inequ\u00edvoco por parte de \u00e9ste podr\u00e1 ser denunciado y perseguido por todos los medios legales existentes en el ordenamiento jur\u00eddico espa\u00f1ol y\/o comunitario.<\/p><p>Los derechos de propiedad intelectual y marcas de terceros est\u00e1n destacados convenientemente y deben ser respetados por todo aqu\u00e9l que acceda a esta p\u00e1gina, no siendo responsabilidad de FIDES ELECTR\u00d3NICA, S.L el uso que el usuario pueda llevar a cabo al respecto, recayendo la responsabilidad exclusiva en su persona.<\/p><p>S\u00f3lo se permite descargar los contenidos, copiar o imprimir cualquier p\u00e1gina de esta web para uso personal y privado. Queda prohibido reproducir, transmitir, modificar o suprimir la informaci\u00f3n, contenido o advertencias de esta web sin la previa autorizaci\u00f3n por escrito de FIDES ELECTR\u00d3NICA, S.L.<\/p><p>The contents provided by FIDES ELECTR\u00d3NICA, S.L are subject to the rights of intellectual and industrial property and are of the exclusive ownership of FIDES ELECTR\u00d3NICA, S.L or the individuals or legal entities we inform about. With the purchase of a product or service, FIDES ELECTR\u00d3NICA, S.L does not grant the purchaser any right of alteration, exploitation, reproduction, distribution or public communication of the same; FIDES ELECTR\u00d3NICA, S.L reserves all these rights. The assignment of the mentioned rights will require the prior written consent by the holder of the same, so that the client may not put those contents at the disposal of third parties.<\/p><p>The intellectual property extends, apart from the content included in FIDES ELECTR\u00d3NICA, S.L, to its graphs, logotypes, designs, images and source codes used for its programming.<\/p><p>Los contenidos suministrados por FIDES ELECTR\u00d3NICA, S.L est\u00e1n sujetos a los derechos de propiedad intelectual e industrial y son titularidad exclusiva de FIDES ELECTR\u00d3NICA, S.L o de las personas f\u00edsicas o jur\u00eddicas que se informe. Mediante la adquisici\u00f3n de un producto o servicio, FIDES ELECTR\u00d3NICA, S.L no confiere al adquirente ning\u00fan derecho de alteraci\u00f3n, explotaci\u00f3n, reproducci\u00f3n, distribuci\u00f3n o comunicaci\u00f3n p\u00fablica sobre el mismo, reserv\u00e1ndose FIDES ELECTR\u00d3NICA, S.L todos estos derechos. La cesi\u00f3n de los citados derechos precisar\u00e1 el previo consentimiento por escrito por parte del titular de los mismos, de manera que el cliente no podr\u00e1 poner a disposici\u00f3n de terceras personas dichos contenidos.<\/p><p>La propiedad intelectual se extiende, adem\u00e1s del contenido incluido en FIDES ELECTR\u00d3NICA, S.L, a sus gr\u00e1ficos, logotipos, dise\u00f1os, im\u00e1genes y c\u00f3digos fuente utilizado para su programaci\u00f3n.<\/p><p>FIDES ELECTR\u00d3NICA, S.L ha obtenido la informaci\u00f3n y los materiales incluidos en la web de fuentes consideradas como fiables y, si bien se han tomado medidas razonables para asegurarse de que la informaci\u00f3n contenida sea la correcta, FIDES ELECTR\u00d3NICA, S.L no puede garantizar que en todo momento y circunstancia dicha informaci\u00f3n sea exacta, completa, actualizada y, consecuentemente, no debe confiarse en ella como si lo fuera. FIDES ELECTR\u00d3NICA, S.L declina expresamente cualquier responsabilidad por error u omisi\u00f3n en la Informaci\u00f3n contenida en las p\u00e1ginas de esta web.<\/p><p>FIDES ELECTR\u00d3NICA, S.L se reserva la facultad de modificar, suspender, cancelar o restringir el contenido de la web, los v\u00ednculos o la informaci\u00f3n obtenida a trav\u00e9s de ella, sin necesidad de previo aviso. En ning\u00fan caso asume responsabilidad alguna como consecuencia de la incorrecta utilizaci\u00f3n de la web que pueda llevar a cabo el usuario, tanto de la informaci\u00f3n como de los servicios en ella contenidos.<\/p><p><b>LEY APLICABLE Y JURISDICCI\u00d3N<\/b><\/p><p>La ley aplicable en caso de disputa o conflicto de interpretaci\u00f3n de los t\u00e9rminos que definen este aviso legal, as\u00ed como cualquier otra cuesti\u00f3n relacionada con los servicios de este sitio web, ser\u00e1 la ley espa\u00f1ola.<\/p><p><strong>POL\u00cdTICA DE CALIDAD Y MEDIO AMBIENTE<\/strong><\/p><p><em>La Direcci\u00f3n General de FIDES ELECTRONICA SL, especifica la Pol\u00edtica de Calidad y Medio Ambiente de la empresa a trav\u00e9s de la siguiente declaraci\u00f3n y firma; esta declaraci\u00f3n es accesible a todos los empleados mediante su publicaci\u00f3n en los tablones de anuncios de la empresa y est\u00e1 a disposici\u00f3n de las partes interesadas externas a trav\u00e9s de esta publicaci\u00f3n.<\/em><\/p><p><em>Desde sus inicios, FIDES ELECTRONICA SL siempre ha presentado sus servicios en el mercado de la electr\u00f3nica, en el desarrollo, fabricaci\u00f3n y venta de circuitos electr\u00f3nicos, bas\u00e1ndose en el argumento principal de su profesionalidad y la calidad de sus productos y servicios.<\/em><\/p><p><em>El objetivo de la pol\u00edtica de calidad y medio ambiente de nuestra empresa es consolidar esta situaci\u00f3n, mejorando en todos los casos nuestro servicio y prestando atenci\u00f3n a la satisfacci\u00f3n de los requisitos de nuestros clientes y al cumplimiento de la legislaci\u00f3n y la normativa vigentes.<\/em><em><br \/>Act as tantalum, tin, tungsten (and the ores from which they originate) and gold. Conflict Minerals are used in the manufacture of a variety of commercial products.<\/em><\/p><p><em>Al elegir FIDES ELECTRONICA SL, nuestros clientes pueden estar seguros de que recibir\u00e1n una respuesta fiable, desde el primer contacto hasta la finalizaci\u00f3n del proceso.<\/em><\/p><p><em>can continue to source responsibly, building on established management processes.<\/em><\/p><p><em>Because of our support for human rights and our concern that funds from purchases of materials used in our supply chain may be exploited for illegal purposes, we are taking systematic steps to understand whether any Conflict Minerals in our products are financing the conflict and violence in the DRC region.<\/em><u>\u00a0<\/u><\/p><p><strong>POL\u00cdTICA-CRITERIOS DE EVALUACI\u00d3N DE PROVEEDORES<\/strong><\/p><p>Proveedor apreciado,<\/p><p>Nuestro Sistema de Gesti\u00f3n de Calidad establece la necesidad de evaluar y seleccionar a los proveedores en funci\u00f3n de su capacidad para cumplir los compromisos comerciales establecidos. En consecuencia, le informamos que su desempe\u00f1o ser\u00e1 evaluado en funci\u00f3n de los pedidos recibidos. Aspectos como los siguientes son valorados positivamente:<\/p><ul><li>Certificaci\u00f3n ISO 9001<\/li><li>Certificaci\u00f3n ISO 14001<\/li><li>Predisposici\u00f3n a colaborar<\/li><\/ul><p>Se realizar\u00e1 un an\u00e1lisis de las anomal\u00edas que puedan producirse y, si la incidencia lo requiere, se comunicar\u00e1 la No Conformidad para su correcci\u00f3n. Estas No Conformidades dar\u00e1n lugar a una evaluaci\u00f3n negativa por parte de nuestros Departamentos de Calidad y Compras. En caso de No Conformidades repetidas, o una calificaci\u00f3n anual deficiente, FIDES ELECTR\u00d3NICA, SL se pondr\u00e1 en contacto con el proveedor para solicitar posibles acciones para corregir los problemas detectados, pudiendo llegar a la des-homologaci\u00f3n del proveedor.<\/p>\t\t\t\t\t\t\t\t<\/div>\n\t\t\t\t<\/div>\n\t\t\t\t\t<\/div>\n\t\t<\/div>\n\t\t\t\t\t<\/div>\n\t\t<\/section>\n\t\t\t\t<\/div>","protected":false},"excerpt":{"rendered":"<p>\/ DATA PRIVACY POLICY\u00a0 Company name: FIDES ELECTR\u00d3NICA, S.L Registered Office: 2222 Tax Identification Code: Santiago Rusi\u00f1ol, 5 \u2013 7 \/ 08213 Poliny\u00e0 \/ Spain Trade Register of Barcelona, Volume 42028, Sheet 8, Sheet Number B-399715 E-mail: fidesing@fidesing.com Website: www.fides-electronica.com According to the established in the Organic Law 15\/1999, of Personal Data Protection (LOPD for [&hellip;]<\/p>","protected":false},"author":1,"featured_media":0,"parent":0,"menu_order":0,"comment_status":"closed","ping_status":"closed","template":"elementor_header_footer","meta":{"content-type":"","site-sidebar-layout":"no-sidebar","site-content-layout":"page-builder","ast-site-content-layout":"default","site-content-style":"default","site-sidebar-style":"default","ast-global-header-display":"","ast-banner-title-visibility":"","ast-main-header-display":"","ast-hfb-above-header-display":"","ast-hfb-below-header-display":"","ast-hfb-mobile-header-display":"","site-post-title":"disabled","ast-breadcrumbs-content":"","ast-featured-img":"disabled","footer-sml-layout":"","ast-disable-related-posts":"","theme-transparent-header-meta":"default","adv-header-id-meta":"","stick-header-meta":"","header-above-stick-meta":"","header-main-stick-meta":"","header-below-stick-meta":"","astra-migrate-meta-layouts":"default","ast-page-background-enabled":"default","ast-page-background-meta":{"desktop":{"background-color":"var(--ast-global-color-4)","background-image":"","background-repeat":"repeat","background-position":"center center","background-size":"auto","background-attachment":"scroll","background-type":"","background-media":"","overlay-type":"","overlay-color":"","overlay-opacity":"","overlay-gradient":""},"tablet":{"background-color":"","background-image":"","background-repeat":"repeat","background-position":"center center","background-size":"auto","background-attachment":"scroll","background-type":"","background-media":"","overlay-type":"","overlay-color":"","overlay-opacity":"","overlay-gradient":""},"mobile":{"background-color":"","background-image":"","background-repeat":"repeat","background-position":"center center","background-size":"auto","background-attachment":"scroll","background-type":"","background-media":"","overlay-type":"","overlay-color":"","overlay-opacity":"","overlay-gradient":""}},"ast-content-background-meta":{"desktop":{"background-color":"var(--ast-global-color-5)","background-image":"","background-repeat":"repeat","background-position":"center center","background-size":"auto","background-attachment":"scroll","background-type":"","background-media":"","overlay-type":"","overlay-color":"","overlay-opacity":"","overlay-gradient":""},"tablet":{"background-color":"var(--ast-global-color-5)","background-image":"","background-repeat":"repeat","background-position":"center center","background-size":"auto","background-attachment":"scroll","background-type":"","background-media":"","overlay-type":"","overlay-color":"","overlay-opacity":"","overlay-gradient":""},"mobile":{"background-color":"var(--ast-global-color-5)","background-image":"","background-repeat":"repeat","background-position":"center center","background-size":"auto","background-attachment":"scroll","background-type":"","background-media":"","overlay-type":"","overlay-color":"","overlay-opacity":"","overlay-gradient":""}},"_joinchat":[],"footnotes":""},"class_list":["post-354","page","type-page","status-publish","hentry"],"yoast_head":"<!-- This site is optimized with the Yoast SEO plugin v26.8 - https:\/\/yoast.com\/product\/yoast-seo-wordpress\/ -->\n<title>LEGAL-WARNING - Fides Electronica<\/title>\n<meta name=\"robots\" content=\"index, follow, max-snippet:-1, max-image-preview:large, max-video-preview:-1\" \/>\n<link rel=\"canonical\" href=\"https:\/\/fideselectronica.com\/es\/aviso-legal\/\" \/>\n<meta property=\"og:locale\" content=\"es_ES\" \/>\n<meta property=\"og:type\" content=\"article\" \/>\n<meta property=\"og:title\" content=\"LEGAL-WARNING - Fides Electronica\" \/>\n<meta property=\"og:description\" content=\"\/ DATA PRIVACY POLICY\u00a0 Company name: FIDES ELECTR\u00d3NICA, S.L Registered Office: 2222 Tax Identification Code: Santiago Rusi\u00f1ol, 5 \u2013 7 \/ 08213 Poliny\u00e0 \/ Spain Trade Register of Barcelona, Volume 42028, Sheet 8, Sheet Number B-399715 E-mail: fidesing@fidesing.com Website: www.fides-electronica.com According to the established in the Organic Law 15\/1999, of Personal Data Protection (LOPD for [&hellip;]\" \/>\n<meta property=\"og:url\" content=\"https:\/\/fideselectronica.com\/es\/aviso-legal\/\" \/>\n<meta property=\"og:site_name\" content=\"Fides Electronica\" \/>\n<meta property=\"article:modified_time\" content=\"2025-06-18T08:12:47+00:00\" \/>\n<meta name=\"twitter:card\" content=\"summary_large_image\" \/>\n<meta name=\"twitter:label1\" content=\"Tiempo de lectura\" \/>\n\t<meta name=\"twitter:data1\" content=\"9 minutos\" \/>\n<script type=\"application\/ld+json\" class=\"yoast-schema-graph\">{\"@context\":\"https:\/\/schema.org\",\"@graph\":[{\"@type\":\"WebPage\",\"@id\":\"https:\/\/fideselectronica.com\/legal-warning\/\",\"url\":\"https:\/\/fideselectronica.com\/legal-warning\/\",\"name\":\"LEGAL-WARNING - Fides Electronica\",\"isPartOf\":{\"@id\":\"https:\/\/fideselectronica.com\/#website\"},\"datePublished\":\"2022-10-03T20:40:48+00:00\",\"dateModified\":\"2025-06-18T08:12:47+00:00\",\"breadcrumb\":{\"@id\":\"https:\/\/fideselectronica.com\/legal-warning\/#breadcrumb\"},\"inLanguage\":\"es\",\"potentialAction\":[{\"@type\":\"ReadAction\",\"target\":[\"https:\/\/fideselectronica.com\/legal-warning\/\"]}]},{\"@type\":\"BreadcrumbList\",\"@id\":\"https:\/\/fideselectronica.com\/legal-warning\/#breadcrumb\",\"itemListElement\":[{\"@type\":\"ListItem\",\"position\":1,\"name\":\"Home\",\"item\":\"https:\/\/fideselectronica.com\/\"},{\"@type\":\"ListItem\",\"position\":2,\"name\":\"LEGAL-WARNING\"}]},{\"@type\":\"WebSite\",\"@id\":\"https:\/\/fideselectronica.com\/#website\",\"url\":\"https:\/\/fideselectronica.com\/\",\"name\":\"Fides Electronica\",\"description\":\"\",\"publisher\":{\"@id\":\"https:\/\/fideselectronica.com\/#organization\"},\"potentialAction\":[{\"@type\":\"SearchAction\",\"target\":{\"@type\":\"EntryPoint\",\"urlTemplate\":\"https:\/\/fideselectronica.com\/?s={search_term_string}\"},\"query-input\":{\"@type\":\"PropertyValueSpecification\",\"valueRequired\":true,\"valueName\":\"search_term_string\"}}],\"inLanguage\":\"es\"},{\"@type\":\"Organization\",\"@id\":\"https:\/\/fideselectronica.com\/#organization\",\"name\":\"Fides Electronica\",\"url\":\"https:\/\/fideselectronica.com\/\",\"logo\":{\"@type\":\"ImageObject\",\"inLanguage\":\"es\",\"@id\":\"https:\/\/fideselectronica.com\/#\/schema\/logo\/image\/\",\"url\":\"https:\/\/fideselectronica.com\/wp-content\/uploads\/2022\/09\/logo-color.png\",\"contentUrl\":\"https:\/\/fideselectronica.com\/wp-content\/uploads\/2022\/09\/logo-color.png\",\"width\":167,\"height\":52,\"caption\":\"Fides Electronica\"},\"image\":{\"@id\":\"https:\/\/fideselectronica.com\/#\/schema\/logo\/image\/\"}}]}<\/script>\n<!-- \/ Yoast SEO plugin. -->","yoast_head_json":{"title":"LEGAL-WARNING - Fides Electronica","robots":{"index":"index","follow":"follow","max-snippet":"max-snippet:-1","max-image-preview":"max-image-preview:large","max-video-preview":"max-video-preview:-1"},"canonical":"https:\/\/fideselectronica.com\/es\/aviso-legal\/","og_locale":"es_ES","og_type":"article","og_title":"LEGAL-WARNING - Fides Electronica","og_description":"\/ DATA PRIVACY POLICY\u00a0 Company name: FIDES ELECTR\u00d3NICA, S.L Registered Office: 2222 Tax Identification Code: Santiago Rusi\u00f1ol, 5 \u2013 7 \/ 08213 Poliny\u00e0 \/ Spain Trade Register of Barcelona, Volume 42028, Sheet 8, Sheet Number B-399715 E-mail: fidesing@fidesing.com Website: www.fides-electronica.com According to the established in the Organic Law 15\/1999, of Personal Data Protection (LOPD for [&hellip;]","og_url":"https:\/\/fideselectronica.com\/es\/aviso-legal\/","og_site_name":"Fides Electronica","article_modified_time":"2025-06-18T08:12:47+00:00","twitter_card":"summary_large_image","twitter_misc":{"Tiempo de lectura":"9 minutos"},"schema":{"@context":"https:\/\/schema.org","@graph":[{"@type":"WebPage","@id":"https:\/\/fideselectronica.com\/legal-warning\/","url":"https:\/\/fideselectronica.com\/legal-warning\/","name":"LEGAL-WARNING - Fides Electronica","isPartOf":{"@id":"https:\/\/fideselectronica.com\/#website"},"datePublished":"2022-10-03T20:40:48+00:00","dateModified":"2025-06-18T08:12:47+00:00","breadcrumb":{"@id":"https:\/\/fideselectronica.com\/legal-warning\/#breadcrumb"},"inLanguage":"es","potentialAction":[{"@type":"ReadAction","target":["https:\/\/fideselectronica.com\/legal-warning\/"]}]},{"@type":"BreadcrumbList","@id":"https:\/\/fideselectronica.com\/legal-warning\/#breadcrumb","itemListElement":[{"@type":"ListItem","position":1,"name":"Home","item":"https:\/\/fideselectronica.com\/"},{"@type":"ListItem","position":2,"name":"LEGAL-WARNING"}]},{"@type":"WebSite","@id":"https:\/\/fideselectronica.com\/#website","url":"https:\/\/fideselectronica.com\/","name":"Fides Electronica","description":"","publisher":{"@id":"https:\/\/fideselectronica.com\/#organization"},"potentialAction":[{"@type":"SearchAction","target":{"@type":"EntryPoint","urlTemplate":"https:\/\/fideselectronica.com\/?s={search_term_string}"},"query-input":{"@type":"PropertyValueSpecification","valueRequired":true,"valueName":"search_term_string"}}],"inLanguage":"es"},{"@type":"Organization","@id":"https:\/\/fideselectronica.com\/#organization","name":"Fides Electronica","url":"https:\/\/fideselectronica.com\/","logo":{"@type":"ImageObject","inLanguage":"es","@id":"https:\/\/fideselectronica.com\/#\/schema\/logo\/image\/","url":"https:\/\/fideselectronica.com\/wp-content\/uploads\/2022\/09\/logo-color.png","contentUrl":"https:\/\/fideselectronica.com\/wp-content\/uploads\/2022\/09\/logo-color.png","width":167,"height":52,"caption":"Fides Electronica"},"image":{"@id":"https:\/\/fideselectronica.com\/#\/schema\/logo\/image\/"}}]}},"_links":{"self":[{"href":"https:\/\/fideselectronica.com\/es\/wp-json\/wp\/v2\/pages\/354","targetHints":{"allow":["GET"]}}],"collection":[{"href":"https:\/\/fideselectronica.com\/es\/wp-json\/wp\/v2\/pages"}],"about":[{"href":"https:\/\/fideselectronica.com\/es\/wp-json\/wp\/v2\/types\/page"}],"author":[{"embeddable":true,"href":"https:\/\/fideselectronica.com\/es\/wp-json\/wp\/v2\/users\/1"}],"replies":[{"embeddable":true,"href":"https:\/\/fideselectronica.com\/es\/wp-json\/wp\/v2\/comments?post=354"}],"version-history":[{"count":45,"href":"https:\/\/fideselectronica.com\/es\/wp-json\/wp\/v2\/pages\/354\/revisions"}],"predecessor-version":[{"id":3014,"href":"https:\/\/fideselectronica.com\/es\/wp-json\/wp\/v2\/pages\/354\/revisions\/3014"}],"wp:attachment":[{"href":"https:\/\/fideselectronica.com\/es\/wp-json\/wp\/v2\/media?parent=354"}],"curies":[{"name":"wp","href":"https:\/\/api.w.org\/{rel}","templated":true}]}}