{"id":19,"date":"2022-09-21T23:36:47","date_gmt":"2022-09-21T23:36:47","guid":{"rendered":"https:\/\/fideselectronica.com\/?page_id=19"},"modified":"2023-02-23T16:59:01","modified_gmt":"2023-02-23T16:59:01","slug":"technologies","status":"publish","type":"page","link":"https:\/\/fideselectronica.com\/es\/technologies\/","title":{"rendered":"TECNOLOG\u00cdAS"},"content":{"rendered":"<div data-elementor-type=\"wp-page\" data-elementor-id=\"19\" class=\"elementor elementor-19\" data-elementor-post-type=\"page\">\n\t\t\t\t\t\t<section class=\"elementor-section elementor-top-section elementor-element elementor-element-0c4229a elementor-section-boxed elementor-section-height-default elementor-section-height-default\" data-id=\"0c4229a\" data-element_type=\"section\">\n\t\t\t\t\t\t<div class=\"elementor-container elementor-column-gap-default\">\n\t\t\t\t\t<div class=\"elementor-column elementor-col-100 elementor-top-column elementor-element elementor-element-499dee8\" data-id=\"499dee8\" data-element_type=\"column\">\n\t\t\t<div class=\"elementor-widget-wrap elementor-element-populated\">\n\t\t\t\t\t\t<div class=\"elementor-element elementor-element-6310684 elementor-widget elementor-widget-heading\" data-id=\"6310684\" data-element_type=\"widget\" data-widget_type=\"heading.default\">\n\t\t\t\t<div class=\"elementor-widget-container\">\n\t\t\t\t\t<h2 class=\"elementor-heading-title elementor-size-default\">\/ tECHNOLOGIES<\/h2>\t\t\t\t<\/div>\n\t\t\t\t<\/div>\n\t\t\t\t\t<\/div>\n\t\t<\/div>\n\t\t\t\t\t<\/div>\n\t\t<\/section>\n\t\t\t\t<section class=\"elementor-section elementor-top-section elementor-element elementor-element-eca2be8 elementor-section-boxed elementor-section-height-default elementor-section-height-default\" data-id=\"eca2be8\" data-element_type=\"section\">\n\t\t\t\t\t\t<div class=\"elementor-container elementor-column-gap-default\">\n\t\t\t\t\t<div class=\"elementor-column elementor-col-33 elementor-top-column elementor-element elementor-element-af95911\" data-id=\"af95911\" data-element_type=\"column\">\n\t\t\t<div class=\"elementor-widget-wrap elementor-element-populated\">\n\t\t\t\t\t\t<div class=\"elementor-element elementor-element-2ca448d elementor-widget elementor-widget-image\" data-id=\"2ca448d\" data-element_type=\"widget\" data-widget_type=\"image.default\">\n\t\t\t\t<div class=\"elementor-widget-container\">\n\t\t\t\t\t\t\t\t\t\t\t\t\t\t\t<img fetchpriority=\"high\" decoding=\"async\" width=\"370\" height=\"180\" src=\"https:\/\/fideselectronica.com\/wp-content\/uploads\/2022\/09\/shutterstock_1806603538.png\" class=\"attachment-large size-large wp-image-144\" alt=\"\" srcset=\"https:\/\/fideselectronica.com\/wp-content\/uploads\/2022\/09\/shutterstock_1806603538.png 370w, https:\/\/fideselectronica.com\/wp-content\/uploads\/2022\/09\/shutterstock_1806603538-300x146.png 300w\" sizes=\"(max-width: 370px) 100vw, 370px\" \/>\t\t\t\t\t\t\t\t\t\t\t\t\t\t\t<\/div>\n\t\t\t\t<\/div>\n\t\t\t\t<div class=\"elementor-element elementor-element-163cdb2 elementor-widget elementor-widget-heading\" data-id=\"163cdb2\" data-element_type=\"widget\" data-widget_type=\"heading.default\">\n\t\t\t\t<div class=\"elementor-widget-container\">\n\t\t\t\t\t<h2 class=\"elementor-heading-title elementor-size-default\">TRAZABILIDAD<\/h2>\t\t\t\t<\/div>\n\t\t\t\t<\/div>\n\t\t\t\t<div class=\"elementor-element elementor-element-891b3f6 elementor-widget elementor-widget-text-editor\" data-id=\"891b3f6\" data-element_type=\"widget\" data-widget_type=\"text-editor.default\">\n\t\t\t\t<div class=\"elementor-widget-container\">\n\t\t\t\t\t\t\t\t\t<p>Automated traceability of all important materials and processes, we can seamlessly identify faults for our customers and systematically eliminate their causes.<\/p>\t\t\t\t\t\t\t\t<\/div>\n\t\t\t\t<\/div>\n\t\t\t\t\t<\/div>\n\t\t<\/div>\n\t\t\t\t<div class=\"elementor-column elementor-col-33 elementor-top-column elementor-element elementor-element-51c0019\" data-id=\"51c0019\" data-element_type=\"column\">\n\t\t\t<div class=\"elementor-widget-wrap elementor-element-populated\">\n\t\t\t\t\t\t<div class=\"elementor-element elementor-element-3ff8a9c elementor-widget elementor-widget-image\" data-id=\"3ff8a9c\" data-element_type=\"widget\" data-widget_type=\"image.default\">\n\t\t\t\t<div class=\"elementor-widget-container\">\n\t\t\t\t\t\t\t\t\t\t\t\t\t\t\t<img decoding=\"async\" width=\"370\" height=\"180\" src=\"https:\/\/fideselectronica.com\/wp-content\/uploads\/2022\/09\/shutterstock_149658371.png\" class=\"attachment-large size-large wp-image-142\" alt=\"\" srcset=\"https:\/\/fideselectronica.com\/wp-content\/uploads\/2022\/09\/shutterstock_149658371.png 370w, https:\/\/fideselectronica.com\/wp-content\/uploads\/2022\/09\/shutterstock_149658371-300x146.png 300w\" sizes=\"(max-width: 370px) 100vw, 370px\" \/>\t\t\t\t\t\t\t\t\t\t\t\t\t\t\t<\/div>\n\t\t\t\t<\/div>\n\t\t\t\t<div class=\"elementor-element elementor-element-c3eecb5 elementor-widget elementor-widget-heading\" data-id=\"c3eecb5\" data-element_type=\"widget\" data-widget_type=\"heading.default\">\n\t\t\t\t<div class=\"elementor-widget-container\">\n\t\t\t\t\t<h2 class=\"elementor-heading-title elementor-size-default\">POTTING OF ELECTRONICS<\/h2>\t\t\t\t<\/div>\n\t\t\t\t<\/div>\n\t\t\t\t<div class=\"elementor-element elementor-element-7615411 elementor-widget elementor-widget-text-editor\" data-id=\"7615411\" data-element_type=\"widget\" data-widget_type=\"text-editor.default\">\n\t\t\t\t<div class=\"elementor-widget-container\">\n\t\t\t\t\t\t\t\t\t<p>Our potting unit enables us to handle very large electronics. This allows Fides to produce high-quality products such as heat pumps.<\/p>\t\t\t\t\t\t\t\t<\/div>\n\t\t\t\t<\/div>\n\t\t\t\t\t<\/div>\n\t\t<\/div>\n\t\t\t\t<div class=\"elementor-column elementor-col-33 elementor-top-column elementor-element elementor-element-db7c5ad\" data-id=\"db7c5ad\" data-element_type=\"column\">\n\t\t\t<div class=\"elementor-widget-wrap elementor-element-populated\">\n\t\t\t\t\t\t<div class=\"elementor-element elementor-element-2f6a030 elementor-widget elementor-widget-image\" data-id=\"2f6a030\" data-element_type=\"widget\" data-widget_type=\"image.default\">\n\t\t\t\t<div class=\"elementor-widget-container\">\n\t\t\t\t\t\t\t\t\t\t\t\t\t\t\t<img decoding=\"async\" width=\"370\" height=\"180\" src=\"https:\/\/fideselectronica.com\/wp-content\/uploads\/2022\/09\/shutterstock_509699632.png\" class=\"attachment-large size-large wp-image-143\" alt=\"\" srcset=\"https:\/\/fideselectronica.com\/wp-content\/uploads\/2022\/09\/shutterstock_509699632.png 370w, https:\/\/fideselectronica.com\/wp-content\/uploads\/2022\/09\/shutterstock_509699632-300x146.png 300w\" sizes=\"(max-width: 370px) 100vw, 370px\" \/>\t\t\t\t\t\t\t\t\t\t\t\t\t\t\t<\/div>\n\t\t\t\t<\/div>\n\t\t\t\t<div class=\"elementor-element elementor-element-0e34d1f elementor-widget elementor-widget-heading\" data-id=\"0e34d1f\" data-element_type=\"widget\" data-widget_type=\"heading.default\">\n\t\t\t\t<div class=\"elementor-widget-container\">\n\t\t\t\t\t<h2 class=\"elementor-heading-title elementor-size-default\">CONFORMAL COATING<\/h2>\t\t\t\t<\/div>\n\t\t\t\t<\/div>\n\t\t\t\t<div class=\"elementor-element elementor-element-b4d9b32 elementor-widget elementor-widget-text-editor\" data-id=\"b4d9b32\" data-element_type=\"widget\" data-widget_type=\"text-editor.default\">\n\t\t\t\t<div class=\"elementor-widget-container\">\n\t\t\t\t\t\t\t\t\t<p>The conformal coating of printed circuit boards has been an important part of our technology portfolio for many years. Worldwide our coating lines produce millions of products with optimal coating protection for our customers.<\/p>\t\t\t\t\t\t\t\t<\/div>\n\t\t\t\t<\/div>\n\t\t\t\t\t<\/div>\n\t\t<\/div>\n\t\t\t\t\t<\/div>\n\t\t<\/section>\n\t\t\t\t<section class=\"elementor-section elementor-top-section elementor-element elementor-element-fb310f4 elementor-section-boxed elementor-section-height-default elementor-section-height-default\" data-id=\"fb310f4\" data-element_type=\"section\">\n\t\t\t\t\t\t<div class=\"elementor-container elementor-column-gap-default\">\n\t\t\t\t\t<div class=\"elementor-column elementor-col-33 elementor-top-column elementor-element elementor-element-67f706a\" data-id=\"67f706a\" data-element_type=\"column\">\n\t\t\t<div class=\"elementor-widget-wrap elementor-element-populated\">\n\t\t\t\t\t\t<div class=\"elementor-element elementor-element-5b9f6d8 elementor-widget elementor-widget-image\" data-id=\"5b9f6d8\" data-element_type=\"widget\" data-widget_type=\"image.default\">\n\t\t\t\t<div class=\"elementor-widget-container\">\n\t\t\t\t\t\t\t\t\t\t\t\t\t\t\t<img fetchpriority=\"high\" decoding=\"async\" width=\"370\" height=\"180\" src=\"https:\/\/fideselectronica.com\/wp-content\/uploads\/2022\/09\/shutterstock_1806603538.png\" class=\"attachment-large size-large wp-image-144\" alt=\"\" srcset=\"https:\/\/fideselectronica.com\/wp-content\/uploads\/2022\/09\/shutterstock_1806603538.png 370w, https:\/\/fideselectronica.com\/wp-content\/uploads\/2022\/09\/shutterstock_1806603538-300x146.png 300w\" sizes=\"(max-width: 370px) 100vw, 370px\" \/>\t\t\t\t\t\t\t\t\t\t\t\t\t\t\t<\/div>\n\t\t\t\t<\/div>\n\t\t\t\t<div class=\"elementor-element elementor-element-d0e707d elementor-widget elementor-widget-heading\" data-id=\"d0e707d\" data-element_type=\"widget\" data-widget_type=\"heading.default\">\n\t\t\t\t<div class=\"elementor-widget-container\">\n\t\t\t\t\t<h2 class=\"elementor-heading-title elementor-size-default\">SISTEMAS DE TEST<\/h2>\t\t\t\t<\/div>\n\t\t\t\t<\/div>\n\t\t\t\t<div class=\"elementor-element elementor-element-8a42200 elementor-widget elementor-widget-text-editor\" data-id=\"8a42200\" data-element_type=\"widget\" data-widget_type=\"text-editor.default\">\n\t\t\t\t<div class=\"elementor-widget-container\">\n\t\t\t\t\t\t\t\t\t<p>Gracias a nuestros sistemas de prueba desarrollados internamente para la fabricaci\u00f3n electr\u00f3nica, elevamos la calidad del producto y la eficiencia de costes al m\u00e1ximo nivel.<\/p>\t\t\t\t\t\t\t\t<\/div>\n\t\t\t\t<\/div>\n\t\t\t\t\t<\/div>\n\t\t<\/div>\n\t\t\t\t<div class=\"elementor-column elementor-col-33 elementor-top-column elementor-element elementor-element-e055597\" data-id=\"e055597\" data-element_type=\"column\">\n\t\t\t<div class=\"elementor-widget-wrap elementor-element-populated\">\n\t\t\t\t\t\t<div class=\"elementor-element elementor-element-5a17aa6 elementor-widget elementor-widget-image\" data-id=\"5a17aa6\" data-element_type=\"widget\" data-widget_type=\"image.default\">\n\t\t\t\t<div class=\"elementor-widget-container\">\n\t\t\t\t\t\t\t\t\t\t\t\t\t\t\t<img decoding=\"async\" width=\"370\" height=\"180\" src=\"https:\/\/fideselectronica.com\/wp-content\/uploads\/2022\/09\/shutterstock_149658371.png\" class=\"attachment-large size-large wp-image-142\" alt=\"\" srcset=\"https:\/\/fideselectronica.com\/wp-content\/uploads\/2022\/09\/shutterstock_149658371.png 370w, https:\/\/fideselectronica.com\/wp-content\/uploads\/2022\/09\/shutterstock_149658371-300x146.png 300w\" sizes=\"(max-width: 370px) 100vw, 370px\" \/>\t\t\t\t\t\t\t\t\t\t\t\t\t\t\t<\/div>\n\t\t\t\t<\/div>\n\t\t\t\t<div class=\"elementor-element elementor-element-b675a61 elementor-widget elementor-widget-heading\" data-id=\"b675a61\" data-element_type=\"widget\" data-widget_type=\"heading.default\">\n\t\t\t\t<div class=\"elementor-widget-container\">\n\t\t\t\t\t<h2 class=\"elementor-heading-title elementor-size-default\">ENSAMBLAJE DE PLACAS DE CIRCUITO IMPRESO (PCB)<\/h2>\t\t\t\t<\/div>\n\t\t\t\t<\/div>\n\t\t\t\t<div class=\"elementor-element elementor-element-294e798 elementor-widget elementor-widget-text-editor\" data-id=\"294e798\" data-element_type=\"widget\" data-widget_type=\"text-editor.default\">\n\t\t\t\t<div class=\"elementor-widget-container\">\n\t\t\t\t\t\t\t\t\t<p>Somos expertos en el ensamblaje de componentes electr\u00f3nicos. Contamos con la mejor tecnolog\u00eda de producci\u00f3n y nuestras l\u00edneas fabrican m\u00e1s de 500.000 productos electr\u00f3nicos al a\u00f1o.<\/p>\t\t\t\t\t\t\t\t<\/div>\n\t\t\t\t<\/div>\n\t\t\t\t\t<\/div>\n\t\t<\/div>\n\t\t\t\t<div class=\"elementor-column elementor-col-33 elementor-top-column elementor-element elementor-element-5a9c958\" data-id=\"5a9c958\" data-element_type=\"column\">\n\t\t\t<div class=\"elementor-widget-wrap\">\n\t\t\t\t\t\t\t<\/div>\n\t\t<\/div>\n\t\t\t\t\t<\/div>\n\t\t<\/section>\n\t\t\t\t<\/div>","protected":false},"excerpt":{"rendered":"<p>\/ tECHNOLOGIES TRACEABILITY Automated traceability of all important materials and processes, we can seamlessly identify faults for our customers and systematically eliminate their causes. POTTING OF ELECTRONICS Our potting unit enables us to handle very large electronics. This allows Fides to produce high-quality products such as heat pumps. CONFORMAL COATING The conformal coating of printed [&hellip;]<\/p>","protected":false},"author":1,"featured_media":0,"parent":0,"menu_order":0,"comment_status":"closed","ping_status":"closed","template":"elementor_header_footer","meta":{"content-type":"","site-sidebar-layout":"no-sidebar","site-content-layout":"page-builder","ast-site-content-layout":"default","site-content-style":"default","site-sidebar-style":"default","ast-global-header-display":"","ast-banner-title-visibility":"","ast-main-header-display":"","ast-hfb-above-header-display":"","ast-hfb-below-header-display":"","ast-hfb-mobile-header-display":"","site-post-title":"disabled","ast-breadcrumbs-content":"","ast-featured-img":"disabled","footer-sml-layout":"","ast-disable-related-posts":"","theme-transparent-header-meta":"default","adv-header-id-meta":"","stick-header-meta":"","header-above-stick-meta":"","header-main-stick-meta":"","header-below-stick-meta":"","astra-migrate-meta-layouts":"default","ast-page-background-enabled":"default","ast-page-background-meta":{"desktop":{"background-color":"var(--ast-global-color-4)","background-image":"","background-repeat":"repeat","background-position":"center center","background-size":"auto","background-attachment":"scroll","background-type":"","background-media":"","overlay-type":"","overlay-color":"","overlay-opacity":"","overlay-gradient":""},"tablet":{"background-color":"","background-image":"","background-repeat":"repeat","background-position":"center center","background-size":"auto","background-attachment":"scroll","background-type":"","background-media":"","overlay-type":"","overlay-color":"","overlay-opacity":"","overlay-gradient":""},"mobile":{"background-color":"","background-image":"","background-repeat":"repeat","background-position":"center center","background-size":"auto","background-attachment":"scroll","background-type":"","background-media":"","overlay-type":"","overlay-color":"","overlay-opacity":"","overlay-gradient":""}},"ast-content-background-meta":{"desktop":{"background-color":"var(--ast-global-color-5)","background-image":"","background-repeat":"repeat","background-position":"center center","background-size":"auto","background-attachment":"scroll","background-type":"","background-media":"","overlay-type":"","overlay-color":"","overlay-opacity":"","overlay-gradient":""},"tablet":{"background-color":"var(--ast-global-color-5)","background-image":"","background-repeat":"repeat","background-position":"center center","background-size":"auto","background-attachment":"scroll","background-type":"","background-media":"","overlay-type":"","overlay-color":"","overlay-opacity":"","overlay-gradient":""},"mobile":{"background-color":"var(--ast-global-color-5)","background-image":"","background-repeat":"repeat","background-position":"center center","background-size":"auto","background-attachment":"scroll","background-type":"","background-media":"","overlay-type":"","overlay-color":"","overlay-opacity":"","overlay-gradient":""}},"_joinchat":[],"footnotes":""},"class_list":["post-19","page","type-page","status-publish","hentry"],"yoast_head":"<!-- This site is optimized with the Yoast SEO plugin v26.8 - https:\/\/yoast.com\/product\/yoast-seo-wordpress\/ -->\n<title>TECHNOLOGIES - Fides Electronica<\/title>\n<meta name=\"robots\" content=\"index, follow, max-snippet:-1, max-image-preview:large, max-video-preview:-1\" \/>\n<link rel=\"canonical\" href=\"https:\/\/fideselectronica.com\/es\/technologies\/\" \/>\n<meta property=\"og:locale\" content=\"es_ES\" \/>\n<meta property=\"og:type\" content=\"article\" \/>\n<meta property=\"og:title\" content=\"TECHNOLOGIES - Fides Electronica\" \/>\n<meta property=\"og:description\" content=\"\/ tECHNOLOGIES TRACEABILITY Automated traceability of all important materials and processes, we can seamlessly identify faults for our customers and systematically eliminate their causes. POTTING OF ELECTRONICS Our potting unit enables us to handle very large electronics. This allows Fides to produce high-quality products such as heat pumps. CONFORMAL COATING The conformal coating of printed [&hellip;]\" \/>\n<meta property=\"og:url\" content=\"https:\/\/fideselectronica.com\/es\/technologies\/\" \/>\n<meta property=\"og:site_name\" content=\"Fides Electronica\" \/>\n<meta property=\"article:modified_time\" content=\"2023-02-23T16:59:01+00:00\" \/>\n<meta property=\"og:image\" content=\"https:\/\/fideselectronica.com\/wp-content\/uploads\/2022\/09\/shutterstock_1806603538.png\" \/>\n<meta name=\"twitter:card\" content=\"summary_large_image\" \/>\n<meta name=\"twitter:label1\" content=\"Tiempo de lectura\" \/>\n\t<meta name=\"twitter:data1\" content=\"1 minuto\" \/>\n<script type=\"application\/ld+json\" class=\"yoast-schema-graph\">{\"@context\":\"https:\/\/schema.org\",\"@graph\":[{\"@type\":\"WebPage\",\"@id\":\"https:\/\/fideselectronica.com\/technologies\/\",\"url\":\"https:\/\/fideselectronica.com\/technologies\/\",\"name\":\"TECHNOLOGIES - Fides Electronica\",\"isPartOf\":{\"@id\":\"https:\/\/fideselectronica.com\/#website\"},\"primaryImageOfPage\":{\"@id\":\"https:\/\/fideselectronica.com\/technologies\/#primaryimage\"},\"image\":{\"@id\":\"https:\/\/fideselectronica.com\/technologies\/#primaryimage\"},\"thumbnailUrl\":\"https:\/\/fideselectronica.com\/wp-content\/uploads\/2022\/09\/shutterstock_1806603538.png\",\"datePublished\":\"2022-09-21T23:36:47+00:00\",\"dateModified\":\"2023-02-23T16:59:01+00:00\",\"breadcrumb\":{\"@id\":\"https:\/\/fideselectronica.com\/technologies\/#breadcrumb\"},\"inLanguage\":\"es\",\"potentialAction\":[{\"@type\":\"ReadAction\",\"target\":[\"https:\/\/fideselectronica.com\/technologies\/\"]}]},{\"@type\":\"ImageObject\",\"inLanguage\":\"es\",\"@id\":\"https:\/\/fideselectronica.com\/technologies\/#primaryimage\",\"url\":\"https:\/\/fideselectronica.com\/wp-content\/uploads\/2022\/09\/shutterstock_1806603538.png\",\"contentUrl\":\"https:\/\/fideselectronica.com\/wp-content\/uploads\/2022\/09\/shutterstock_1806603538.png\"},{\"@type\":\"BreadcrumbList\",\"@id\":\"https:\/\/fideselectronica.com\/technologies\/#breadcrumb\",\"itemListElement\":[{\"@type\":\"ListItem\",\"position\":1,\"name\":\"Home\",\"item\":\"https:\/\/fideselectronica.com\/\"},{\"@type\":\"ListItem\",\"position\":2,\"name\":\"TECHNOLOGIES\"}]},{\"@type\":\"WebSite\",\"@id\":\"https:\/\/fideselectronica.com\/#website\",\"url\":\"https:\/\/fideselectronica.com\/\",\"name\":\"Fides Electronica\",\"description\":\"\",\"publisher\":{\"@id\":\"https:\/\/fideselectronica.com\/#organization\"},\"potentialAction\":[{\"@type\":\"SearchAction\",\"target\":{\"@type\":\"EntryPoint\",\"urlTemplate\":\"https:\/\/fideselectronica.com\/?s={search_term_string}\"},\"query-input\":{\"@type\":\"PropertyValueSpecification\",\"valueRequired\":true,\"valueName\":\"search_term_string\"}}],\"inLanguage\":\"es\"},{\"@type\":\"Organization\",\"@id\":\"https:\/\/fideselectronica.com\/#organization\",\"name\":\"Fides Electronica\",\"url\":\"https:\/\/fideselectronica.com\/\",\"logo\":{\"@type\":\"ImageObject\",\"inLanguage\":\"es\",\"@id\":\"https:\/\/fideselectronica.com\/#\/schema\/logo\/image\/\",\"url\":\"https:\/\/fideselectronica.com\/wp-content\/uploads\/2022\/09\/logo-color.png\",\"contentUrl\":\"https:\/\/fideselectronica.com\/wp-content\/uploads\/2022\/09\/logo-color.png\",\"width\":167,\"height\":52,\"caption\":\"Fides Electronica\"},\"image\":{\"@id\":\"https:\/\/fideselectronica.com\/#\/schema\/logo\/image\/\"}}]}<\/script>\n<!-- \/ Yoast SEO plugin. -->","yoast_head_json":{"title":"TECHNOLOGIES - Fides Electronica","robots":{"index":"index","follow":"follow","max-snippet":"max-snippet:-1","max-image-preview":"max-image-preview:large","max-video-preview":"max-video-preview:-1"},"canonical":"https:\/\/fideselectronica.com\/es\/technologies\/","og_locale":"es_ES","og_type":"article","og_title":"TECHNOLOGIES - Fides Electronica","og_description":"\/ tECHNOLOGIES TRACEABILITY Automated traceability of all important materials and processes, we can seamlessly identify faults for our customers and systematically eliminate their causes. POTTING OF ELECTRONICS Our potting unit enables us to handle very large electronics. This allows Fides to produce high-quality products such as heat pumps. CONFORMAL COATING The conformal coating of printed [&hellip;]","og_url":"https:\/\/fideselectronica.com\/es\/technologies\/","og_site_name":"Fides Electronica","article_modified_time":"2023-02-23T16:59:01+00:00","og_image":[{"url":"https:\/\/fideselectronica.com\/wp-content\/uploads\/2022\/09\/shutterstock_1806603538.png","type":"","width":"","height":""}],"twitter_card":"summary_large_image","twitter_misc":{"Tiempo de lectura":"1 minuto"},"schema":{"@context":"https:\/\/schema.org","@graph":[{"@type":"WebPage","@id":"https:\/\/fideselectronica.com\/technologies\/","url":"https:\/\/fideselectronica.com\/technologies\/","name":"TECHNOLOGIES - Fides Electronica","isPartOf":{"@id":"https:\/\/fideselectronica.com\/#website"},"primaryImageOfPage":{"@id":"https:\/\/fideselectronica.com\/technologies\/#primaryimage"},"image":{"@id":"https:\/\/fideselectronica.com\/technologies\/#primaryimage"},"thumbnailUrl":"https:\/\/fideselectronica.com\/wp-content\/uploads\/2022\/09\/shutterstock_1806603538.png","datePublished":"2022-09-21T23:36:47+00:00","dateModified":"2023-02-23T16:59:01+00:00","breadcrumb":{"@id":"https:\/\/fideselectronica.com\/technologies\/#breadcrumb"},"inLanguage":"es","potentialAction":[{"@type":"ReadAction","target":["https:\/\/fideselectronica.com\/technologies\/"]}]},{"@type":"ImageObject","inLanguage":"es","@id":"https:\/\/fideselectronica.com\/technologies\/#primaryimage","url":"https:\/\/fideselectronica.com\/wp-content\/uploads\/2022\/09\/shutterstock_1806603538.png","contentUrl":"https:\/\/fideselectronica.com\/wp-content\/uploads\/2022\/09\/shutterstock_1806603538.png"},{"@type":"BreadcrumbList","@id":"https:\/\/fideselectronica.com\/technologies\/#breadcrumb","itemListElement":[{"@type":"ListItem","position":1,"name":"Home","item":"https:\/\/fideselectronica.com\/"},{"@type":"ListItem","position":2,"name":"TECHNOLOGIES"}]},{"@type":"WebSite","@id":"https:\/\/fideselectronica.com\/#website","url":"https:\/\/fideselectronica.com\/","name":"Fides Electronica","description":"","publisher":{"@id":"https:\/\/fideselectronica.com\/#organization"},"potentialAction":[{"@type":"SearchAction","target":{"@type":"EntryPoint","urlTemplate":"https:\/\/fideselectronica.com\/?s={search_term_string}"},"query-input":{"@type":"PropertyValueSpecification","valueRequired":true,"valueName":"search_term_string"}}],"inLanguage":"es"},{"@type":"Organization","@id":"https:\/\/fideselectronica.com\/#organization","name":"Fides Electronica","url":"https:\/\/fideselectronica.com\/","logo":{"@type":"ImageObject","inLanguage":"es","@id":"https:\/\/fideselectronica.com\/#\/schema\/logo\/image\/","url":"https:\/\/fideselectronica.com\/wp-content\/uploads\/2022\/09\/logo-color.png","contentUrl":"https:\/\/fideselectronica.com\/wp-content\/uploads\/2022\/09\/logo-color.png","width":167,"height":52,"caption":"Fides Electronica"},"image":{"@id":"https:\/\/fideselectronica.com\/#\/schema\/logo\/image\/"}}]}},"_links":{"self":[{"href":"https:\/\/fideselectronica.com\/es\/wp-json\/wp\/v2\/pages\/19","targetHints":{"allow":["GET"]}}],"collection":[{"href":"https:\/\/fideselectronica.com\/es\/wp-json\/wp\/v2\/pages"}],"about":[{"href":"https:\/\/fideselectronica.com\/es\/wp-json\/wp\/v2\/types\/page"}],"author":[{"embeddable":true,"href":"https:\/\/fideselectronica.com\/es\/wp-json\/wp\/v2\/users\/1"}],"replies":[{"embeddable":true,"href":"https:\/\/fideselectronica.com\/es\/wp-json\/wp\/v2\/comments?post=19"}],"version-history":[{"count":10,"href":"https:\/\/fideselectronica.com\/es\/wp-json\/wp\/v2\/pages\/19\/revisions"}],"predecessor-version":[{"id":474,"href":"https:\/\/fideselectronica.com\/es\/wp-json\/wp\/v2\/pages\/19\/revisions\/474"}],"wp:attachment":[{"href":"https:\/\/fideselectronica.com\/es\/wp-json\/wp\/v2\/media?parent=19"}],"curies":[{"name":"wp","href":"https:\/\/api.w.org\/{rel}","templated":true}]}}